{"id":1143,"date":"2019-10-28T20:37:16","date_gmt":"2019-10-28T19:37:16","guid":{"rendered":"https:\/\/christiane-ravens.ch\/?page_id=1143"},"modified":"2020-01-08T11:50:34","modified_gmt":"2020-01-08T10:50:34","slug":"impressum","status":"publish","type":"page","link":"https:\/\/www.christiane-ravens.ch\/en\/impressum\/","title":{"rendered":"Impressum"},"content":{"rendered":"<div class=\"wpb-content-wrapper\">[vc_section full_width=&#8221;stretch_row&#8221; el_class=&#8221;wk-portfolio-tpl&#8211;first-section&#8221;][vc_row tablet_fullwidth_cols=&#8221;yes&#8221;][vc_column width=&#8221;2\/3&#8243; el_class=&#8221;subsite&#8211;first-section&#8211;col1&#8243;][vc_acf field_group=&#8221;530&#8243; field_from_530=&#8221;field_5d91f6f605323&#8243;][vc_acf field_group=&#8221;530&#8243; field_from_530=&#8221;field_5d91f72605324&#8243; el_class=&#8221;teaser-txt&#8221;][\/vc_column][vc_column width=&#8221;1\/3&#8243;][\/vc_column][\/vc_row][\/vc_section][vc_section css_animation=&#8221;none&#8221; el_class=&#8221;wk-section&#8221;][vc_row column_spacing=&#8221;60&#8243; tablet_fullwidth_cols=&#8221;yes&#8221;][vc_column][vc_column_text]\n<h2>Kontaktadresse<\/h2>\n<p>Praxis Dr. Christiane Ravens<br \/>\nOberwachtstrasse 2<br \/>\n8700 K\u00fcsnacht<br \/>\nSchweiz<br \/>\ninfo@christiane-ravens.ch<\/p>\n<p>&nbsp;<\/p>\n<p>&nbsp;<\/p>\n<h2>Vertretungsberechtigte Personen<\/h2>\n<p>Christiane Ravens, Inhaberin<\/p>\n<p>&nbsp;<\/p>\n<p>&nbsp;<\/p>\n<h2>Haftungsausschluss<\/h2>\n<p>Der Autor \u00fcbernimmt keinerlei Gew\u00e4hr hinsichtlich der inhaltlichen Richtigkeit, Genauigkeit, Aktualit\u00e4t, Zuverl\u00e4ssigkeit und Vollst\u00e4ndigkeit der Informationen. Haftungsanspr\u00fcche gegen den Autor wegen Sch\u00e4den materieller oder immaterieller Art, welche aus dem Zugriff oder der Nutzung bzw. Nichtnutzung der ver\u00f6ffentlichten Informationen, durch Missbrauch der Verbindung oder durch technische St\u00f6rungen entstanden sind, werden ausgeschlossen. Alle Angebote sind unverbindlich. Der Autor beh\u00e4lt es sich ausdr\u00fccklich vor, Teile der Seiten oder das gesamte Angebot ohne gesonderte Ank\u00fcndigung zu ver\u00e4ndern, zu erg\u00e4nzen, zu l\u00f6schen oder die Ver\u00f6ffentlichung zeitweise oder endg\u00fcltig einzustellen.<\/p>\n<p>&nbsp;<\/p>\n<p>&nbsp;<\/p>\n<h2>Haftung f\u00fcr Links<\/h2>\n<p>Verweise und Links auf Webseiten Dritter liegen ausserhalb unseres Verantwortungsbereichs Es wird jegliche Verantwortung f\u00fcr solche Webseiten abgelehnt. Der Zugriff und die Nutzung solcher Webseiten erfolgen auf eigene Gefahr des Nutzers oder der Nutzerin.<\/p>\n<p>&nbsp;<\/p>\n<p>&nbsp;<\/p>\n<h2>Urheberrechte<\/h2>\n<p>Die Urheber- und alle anderen Rechte an Inhalten, Bildern, Fotos oder anderen Dateien auf der Website geh\u00f6ren ausschliesslich der Firma Praxis Dr. Christiane Ravens oder den speziell genannten Rechtsinhabern. F\u00fcr die Reproduktion jeglicher Elemente ist die schriftliche Zustimmung der Urheberrechtstr\u00e4ger im Voraus einzuholen.<\/p>\n<p>&nbsp;<\/p>\n<p>&nbsp;<\/p>\n<h2>Quelle<\/h2>\n<p>Dieses Impressum wurde am 17.10.2019 mit dem Impressum Generator der Webdesign Agentur <a href=\"https:\/\/webkoenig.ch\/\" target=\"_blank\" rel=\"noopener noreferrer\">Webk\u00f6nig<\/a> erstellt. Die Agentur Webk\u00f6nig \u00fcbernimmt keine Haftung.[\/vc_column_text][\/vc_column][\/vc_row][\/vc_section][vc_section][vc_row][vc_column]<div class=\"templatera_shortcode\"><div class=\"vc_section wk-section wk-section-color wk-tpl--callout wpex-vc-full-width-section wpex-vc-full-width-section--centered wpex-relative\"><div class=\"vc_row wpb_row vc_row-fluid vc_row-o-equal-height vc_row-flex wpex-relative tablet-fullwidth-columns\"><div class=\"wpb_column vc_column_container vc_col-sm-6\"><div class=\"vc_column-inner\"><div class=\"wpb_wrapper\">\n\t<div class=\"wpb_text_column wpb_content_element\" >\n\t\t<div class=\"wpb_wrapper\">\n\t\t\t<h2>Let us advise you<\/h2>\n\n\t\t<\/div>\n\t<\/div>\n\n\t<div class=\"wpb_text_column wpb_content_element\" >\n\t\t<div class=\"wpb_wrapper\">\n\t\t\t<div class=\"wpb_text_column wpb_content_element \">\n<div class=\"wpb_wrapper\">\n<p>If you would like to make an appointment, please call us or send us your inquiry online.<\/p>\n<p>&nbsp;<\/p>\n<p>&nbsp;<\/p>\n<\/div>\n<\/div>\n\n\t\t<\/div>\n\t<\/div>\n<div class=\"vc_row wpb_row vc_inner vc_row-fluid wpex-relative\"><div class=\"wpb_column vc_column_container vc_col-sm-6\"><div class=\"vc_column-inner\"><div class=\"wpb_wrapper\">\n\t<div class=\"wpb_text_column wpb_content_element\" >\n\t\t<div class=\"wpb_wrapper\">\n\t\t\t<p>Dr. Christiane Ravens<br \/>\nDr. med. Clarisse Klainguti<br \/>\nOberwachtstrasse 2<br \/>\n8700 K\u00fcsnacht<\/p>\n<p>E-Mail: <a href=\"mailto:info@christiane-ravens.ch\">info@christiane-ravens.ch<\/a><\/p>\n\n\t\t<\/div>\n\t<\/div>\n<\/div><\/div><\/div><\/div><\/div><\/div><\/div><div class=\"wpb_column vc_column_container vc_col-sm-2\"><div class=\"vc_column-inner\"><div class=\"wpb_wrapper\"><\/div><\/div><\/div><div class=\"wpb_column vc_column_container vc_col-sm-4\"><div class=\"vc_column-inner\"><div class=\"wpb_wrapper\"><div class=\"vcex-spacing wpex-w-100 wpex-clear\" style=\"height:50px;\"><\/div><div class=\"vc_row wpb_row vc_inner vc_row-fluid wk-row--button vc_column-gap-25 vc_row-o-equal-height vc_row-o-content-middle vc_row-flex wpex-relative\"><div class=\"wpb_column vc_column_container vc_col-sm-6 vc_hidden-lg vc_hidden-md vc_hidden-sm vc_hidden-xs\"><div class=\"vc_column-inner\"><div class=\"wpb_wrapper\"><div class=\"vcex-module vcex-icon-box vcex-icon-box-one wpex-flex wpex-text-left\"><div class=\"vcex-icon-box-symbol vcex-icon-box-symbol--icon wpex-flex-shrink-0 wpex-mr-20\"><div class=\"vcex-icon-box-icon wpex-items-center wpex-justify-center wpex-child-inherit-color wpex-text-center wpex-leading-none wpex-flex wpex-text-1\"><span class=\"wpex-flex wpex-icon--w wpex-icon\" aria-hidden=\"true\"><svg xmlns=\"http:\/\/www.w3.org\/2000\/svg\" viewBox=\"0 0 448 512\"><path d=\"M152 24c0-13.3-10.7-24-24-24s-24 10.7-24 24V64H64C28.7 64 0 92.7 0 128v16 48V448c0 35.3 28.7 64 64 64H384c35.3 0 64-28.7 64-64V192 144 128c0-35.3-28.7-64-64-64H344V24c0-13.3-10.7-24-24-24s-24 10.7-24 24V64H152V24zM48 192H400V448c0 8.8-7.2 16-16 16H64c-8.8 0-16-7.2-16-16V192z\"\/><\/svg><\/span><\/div><\/div><div class=\"vcex-icon-box-text wpex-flex-grow\"><div class=\"vcex-icon-box-content wpex-last-mb-0 wpex-clr\"><p>Make<br \/>\nan appointment<\/p>\n<\/div><\/div><\/div><\/div><\/div><\/div><div class=\"wpb_column vc_column_container vc_col-sm-6 vc_hidden-lg vc_hidden-md vc_hidden-sm vc_hidden-xs\"><div class=\"vc_column-inner\"><div class=\"wpb_wrapper\"><style>.vcex-button.vcex_69ff11c41cc04{border-radius:4px;color:#565656!important;border:2px solid #CCCCCC;}.vcex-button.vcex_69ff11c41cc04:hover{background:#ffffff!important;color:#565656!important;}<\/style><div class=\"theme-button-wrap theme-button-expanded-wrap\"><a href=\"tel:41438178174\" class=\"vcex-button theme-button expanded expanded vcex_69ff11c41cc04\"><span class=\"vcex-button-inner theme-button-inner wpex-flex wpex-flex-wrap wpex-items-center wpex-justify-center\">Online Booking<\/span><\/a><\/div> <\/div><\/div><\/div><\/div><div class=\"vc_row wpb_row vc_inner vc_row-fluid wk-row--button vc_column-gap-25 vc_row-o-equal-height vc_row-o-content-middle vc_row-flex wpex-relative\"><div class=\"wpb_column vc_column_container vc_col-sm-6\"><div class=\"vc_column-inner\"><div class=\"wpb_wrapper\"><div class=\"vcex-module vcex-icon-box vcex-icon-box-one wpex-flex wpex-text-left\"><div class=\"vcex-icon-box-symbol vcex-icon-box-symbol--icon wpex-flex-shrink-0 wpex-mr-20\"><div class=\"vcex-icon-box-icon wpex-items-center wpex-justify-center wpex-child-inherit-color wpex-text-center wpex-leading-none wpex-flex wpex-text-1\"><span class=\"wpex-flex wpex-icon--w wpex-icon\" aria-hidden=\"true\"><svg xmlns=\"http:\/\/www.w3.org\/2000\/svg\" viewBox=\"0 0 512 512\"><path d=\"M164.9 24.6c-7.7-18.6-28-28.5-47.4-23.2l-88 24C12.1 30.2 0 46 0 64C0 311.4 200.6 512 448 512c18 0 33.8-12.1 38.6-29.5l24-88c5.3-19.4-4.6-39.7-23.2-47.4l-96-40c-16.3-6.8-35.2-2.1-46.3 11.6L304.7 368C234.3 334.7 177.3 277.7 144 207.3L193.3 167c13.7-11.2 18.4-30 11.6-46.3l-40-96z\"\/><\/svg><\/span><\/div><\/div><div class=\"vcex-icon-box-text wpex-flex-grow\"><div class=\"vcex-icon-box-content wpex-last-mb-0 wpex-clr\"><p>Give us<br \/>\na call<\/p>\n<\/div><\/div><\/div><\/div><\/div><\/div><div class=\"wpb_column vc_column_container vc_col-sm-6\"><div class=\"vc_column-inner\"><div class=\"wpb_wrapper\"><style>.vcex-button.vcex_69ff11c41dd5f{border-radius:4px;color:#565656!important;border:2px solid #CCCCCC;}.vcex-button.vcex_69ff11c41dd5f:hover{background:#ffffff!important;color:#565656!important;}<\/style><div class=\"theme-button-wrap theme-button-expanded-wrap\"><a href=\"tel:0041438178174\" class=\"vcex-button theme-button expanded expanded vcex_69ff11c41dd5f\"><span class=\"vcex-button-inner theme-button-inner wpex-flex wpex-flex-wrap wpex-items-center wpex-justify-center\">+41 43 817 81 74<\/span><\/a><\/div> <\/div><\/div><\/div><\/div><div class=\"vc_row wpb_row vc_inner vc_row-fluid wk-row--button vc_column-gap-25 vc_row-o-equal-height vc_row-o-content-middle vc_row-flex wpex-relative\"><div class=\"wpb_column vc_column_container vc_col-sm-6\"><div class=\"vc_column-inner\"><div class=\"wpb_wrapper\"><div class=\"vcex-module vcex-icon-box vcex-icon-box-one wpex-flex wpex-text-left\"><div class=\"vcex-icon-box-symbol vcex-icon-box-symbol--icon wpex-flex-shrink-0 wpex-mr-20\"><div class=\"vcex-icon-box-icon wpex-items-center wpex-justify-center wpex-child-inherit-color wpex-text-center wpex-leading-none wpex-flex wpex-text-1\"><span class=\"wpex-flex wpex-icon--w wpex-icon\" aria-hidden=\"true\"><svg xmlns=\"http:\/\/www.w3.org\/2000\/svg\" viewBox=\"0 0 512 512\"><path d=\"M288 32c0-17.7-14.3-32-32-32s-32 14.3-32 32V274.7l-73.4-73.4c-12.5-12.5-32.8-12.5-45.3 0s-12.5 32.8 0 45.3l128 128c12.5 12.5 32.8 12.5 45.3 0l128-128c12.5-12.5 12.5-32.8 0-45.3s-32.8-12.5-45.3 0L288 274.7V32zM64 352c-35.3 0-64 28.7-64 64v32c0 35.3 28.7 64 64 64H448c35.3 0 64-28.7 64-64V416c0-35.3-28.7-64-64-64H346.5l-45.3 45.3c-25 25-65.5 25-90.5 0L165.5 352H64zm368 56a24 24 0 1 1 0 48 24 24 0 1 1 0-48z\"\/><\/svg><\/span><\/div><\/div><div class=\"vcex-icon-box-text wpex-flex-grow\"><div class=\"vcex-icon-box-content wpex-last-mb-0 wpex-clr\"><p>Download<br \/>\nform<\/p>\n<\/div><\/div><\/div><\/div><\/div><\/div><div class=\"wpb_column vc_column_container vc_col-sm-6\"><div class=\"vc_column-inner\"><div class=\"wpb_wrapper\"><style>.vcex-button.vcex_69ff11c41eedf{border-radius:4px;color:#565656!important;border:2px solid #CCCCCC;}.vcex-button.vcex_69ff11c41eedf:hover{background:#ffffff!important;color:#565656!important;}<\/style><div class=\"theme-button-wrap theme-button-expanded-wrap\"><a href=\"\/wp-content\/uploads\/2019\/10\/Anmeldebogen_English.pdf\" class=\"vcex-button theme-button expanded expanded vcex_69ff11c41eedf\"><span class=\"vcex-button-inner theme-button-inner wpex-flex wpex-flex-wrap wpex-items-center wpex-justify-center\">Download PDF<\/span><\/a><\/div> <\/div><\/div><\/div><\/div><\/div><\/div><\/div><\/div><\/div><\/div>[\/vc_column][\/vc_row][\/vc_section]\n<\/div>","protected":false},"excerpt":{"rendered":"Kontaktadresse Praxis Dr. Christiane Ravens Oberwachtstrasse 2 8700 K\u00fcsnacht Schweiz info@christiane-ravens.ch &nbsp; &nbsp; Vertretungsberechtigte Personen Christiane Ravens, Inhaberin &nbsp; &nbsp; Haftungsausschluss Der Autor \u00fcbernimmt keinerlei Gew\u00e4hr hinsichtlich der inhaltlichen Richtigkeit, Genauigkeit, Aktualit\u00e4t, Zuverl\u00e4ssigkeit und Vollst\u00e4ndigkeit der Informationen. Haftungsanspr\u00fcche gegen den Autor wegen Sch\u00e4den materieller oder immaterieller Art, welche aus dem Zugriff oder der Nutzung bzw.&hellip;","protected":false},"author":3,"featured_media":0,"parent":0,"menu_order":0,"comment_status":"closed","ping_status":"closed","template":"","meta":{"_acf_changed":false,"footnotes":""},"class_list":["post-1143","page","type-page","status-publish","hentry","entry","no-media"],"acf":[],"yoast_head":"<!-- This site is optimized with the Yoast SEO plugin v26.7 - https:\/\/yoast.com\/wordpress\/plugins\/seo\/ -->\n<title>Impressum | Christiane Ravens<\/title>\n<meta name=\"robots\" content=\"index, follow, max-snippet:-1, max-image-preview:large, max-video-preview:-1\" \/>\n<link rel=\"canonical\" href=\"https:\/\/www.christiane-ravens.ch\/en\/impressum\/\" \/>\n<meta property=\"og:locale\" content=\"en_US\" \/>\n<meta property=\"og:type\" content=\"article\" \/>\n<meta property=\"og:title\" content=\"Impressum | Christiane Ravens\" \/>\n<meta property=\"og:url\" content=\"https:\/\/www.christiane-ravens.ch\/en\/impressum\/\" \/>\n<meta property=\"og:site_name\" content=\"Christiane Ravens\" \/>\n<meta property=\"article:modified_time\" content=\"2020-01-08T10:50:34+00:00\" \/>\n<meta name=\"twitter:card\" content=\"summary_large_image\" \/>\n<meta name=\"twitter:label1\" content=\"Est. reading time\" \/>\n\t<meta name=\"twitter:data1\" content=\"2 minutes\" \/>\n<script type=\"application\/ld+json\" class=\"yoast-schema-graph\">{\"@context\":\"https:\/\/schema.org\",\"@graph\":[{\"@type\":\"WebPage\",\"@id\":\"https:\/\/www.christiane-ravens.ch\/en\/impressum\/\",\"url\":\"https:\/\/www.christiane-ravens.ch\/en\/impressum\/\",\"name\":\"Impressum | Christiane Ravens\",\"isPartOf\":{\"@id\":\"https:\/\/www.christiane-ravens.ch\/#website\"},\"datePublished\":\"2019-10-28T19:37:16+00:00\",\"dateModified\":\"2020-01-08T10:50:34+00:00\",\"breadcrumb\":{\"@id\":\"https:\/\/www.christiane-ravens.ch\/en\/impressum\/#breadcrumb\"},\"inLanguage\":\"en-US\",\"potentialAction\":[{\"@type\":\"ReadAction\",\"target\":[\"https:\/\/www.christiane-ravens.ch\/en\/impressum\/\"]}]},{\"@type\":\"BreadcrumbList\",\"@id\":\"https:\/\/www.christiane-ravens.ch\/en\/impressum\/#breadcrumb\",\"itemListElement\":[{\"@type\":\"ListItem\",\"position\":1,\"name\":\"Startseite\",\"item\":\"https:\/\/www.christiane-ravens.ch\/en\/\"},{\"@type\":\"ListItem\",\"position\":2,\"name\":\"Impressum\"}]},{\"@type\":\"WebSite\",\"@id\":\"https:\/\/www.christiane-ravens.ch\/#website\",\"url\":\"https:\/\/www.christiane-ravens.ch\/\",\"name\":\"Christiane Ravens\",\"description\":\"Fach\u00e4rztin f\u00fcr Dermatologie und Venerologie\",\"publisher\":{\"@id\":\"https:\/\/www.christiane-ravens.ch\/#organization\"},\"potentialAction\":[{\"@type\":\"SearchAction\",\"target\":{\"@type\":\"EntryPoint\",\"urlTemplate\":\"https:\/\/www.christiane-ravens.ch\/?s={search_term_string}\"},\"query-input\":{\"@type\":\"PropertyValueSpecification\",\"valueRequired\":true,\"valueName\":\"search_term_string\"}}],\"inLanguage\":\"en-US\"},{\"@type\":\"Organization\",\"@id\":\"https:\/\/www.christiane-ravens.ch\/#organization\",\"name\":\"Praxis Dr. Christiane Ravens\",\"url\":\"https:\/\/www.christiane-ravens.ch\/\",\"logo\":{\"@type\":\"ImageObject\",\"inLanguage\":\"en-US\",\"@id\":\"https:\/\/www.christiane-ravens.ch\/#\/schema\/logo\/image\/\",\"url\":\"https:\/\/www.christiane-ravens.ch\/wp-content\/uploads\/2022\/04\/ravens-klainguti-logo-1.svg\",\"contentUrl\":\"https:\/\/www.christiane-ravens.ch\/wp-content\/uploads\/2022\/04\/ravens-klainguti-logo-1.svg\",\"width\":599,\"height\":103,\"caption\":\"Praxis Dr. Christiane Ravens\"},\"image\":{\"@id\":\"https:\/\/www.christiane-ravens.ch\/#\/schema\/logo\/image\/\"}}]}<\/script>\n<!-- \/ Yoast SEO plugin. -->","yoast_head_json":{"title":"Impressum | Christiane Ravens","robots":{"index":"index","follow":"follow","max-snippet":"max-snippet:-1","max-image-preview":"max-image-preview:large","max-video-preview":"max-video-preview:-1"},"canonical":"https:\/\/www.christiane-ravens.ch\/en\/impressum\/","og_locale":"en_US","og_type":"article","og_title":"Impressum | Christiane Ravens","og_url":"https:\/\/www.christiane-ravens.ch\/en\/impressum\/","og_site_name":"Christiane Ravens","article_modified_time":"2020-01-08T10:50:34+00:00","twitter_card":"summary_large_image","twitter_misc":{"Est. reading time":"2 minutes"},"schema":{"@context":"https:\/\/schema.org","@graph":[{"@type":"WebPage","@id":"https:\/\/www.christiane-ravens.ch\/en\/impressum\/","url":"https:\/\/www.christiane-ravens.ch\/en\/impressum\/","name":"Impressum | Christiane Ravens","isPartOf":{"@id":"https:\/\/www.christiane-ravens.ch\/#website"},"datePublished":"2019-10-28T19:37:16+00:00","dateModified":"2020-01-08T10:50:34+00:00","breadcrumb":{"@id":"https:\/\/www.christiane-ravens.ch\/en\/impressum\/#breadcrumb"},"inLanguage":"en-US","potentialAction":[{"@type":"ReadAction","target":["https:\/\/www.christiane-ravens.ch\/en\/impressum\/"]}]},{"@type":"BreadcrumbList","@id":"https:\/\/www.christiane-ravens.ch\/en\/impressum\/#breadcrumb","itemListElement":[{"@type":"ListItem","position":1,"name":"Startseite","item":"https:\/\/www.christiane-ravens.ch\/en\/"},{"@type":"ListItem","position":2,"name":"Impressum"}]},{"@type":"WebSite","@id":"https:\/\/www.christiane-ravens.ch\/#website","url":"https:\/\/www.christiane-ravens.ch\/","name":"Christiane Ravens","description":"Fach\u00e4rztin f\u00fcr Dermatologie und Venerologie","publisher":{"@id":"https:\/\/www.christiane-ravens.ch\/#organization"},"potentialAction":[{"@type":"SearchAction","target":{"@type":"EntryPoint","urlTemplate":"https:\/\/www.christiane-ravens.ch\/?s={search_term_string}"},"query-input":{"@type":"PropertyValueSpecification","valueRequired":true,"valueName":"search_term_string"}}],"inLanguage":"en-US"},{"@type":"Organization","@id":"https:\/\/www.christiane-ravens.ch\/#organization","name":"Praxis Dr. Christiane Ravens","url":"https:\/\/www.christiane-ravens.ch\/","logo":{"@type":"ImageObject","inLanguage":"en-US","@id":"https:\/\/www.christiane-ravens.ch\/#\/schema\/logo\/image\/","url":"https:\/\/www.christiane-ravens.ch\/wp-content\/uploads\/2022\/04\/ravens-klainguti-logo-1.svg","contentUrl":"https:\/\/www.christiane-ravens.ch\/wp-content\/uploads\/2022\/04\/ravens-klainguti-logo-1.svg","width":599,"height":103,"caption":"Praxis Dr. Christiane Ravens"},"image":{"@id":"https:\/\/www.christiane-ravens.ch\/#\/schema\/logo\/image\/"}}]}},"_links":{"self":[{"href":"https:\/\/www.christiane-ravens.ch\/en\/wp-json\/wp\/v2\/pages\/1143","targetHints":{"allow":["GET"]}}],"collection":[{"href":"https:\/\/www.christiane-ravens.ch\/en\/wp-json\/wp\/v2\/pages"}],"about":[{"href":"https:\/\/www.christiane-ravens.ch\/en\/wp-json\/wp\/v2\/types\/page"}],"author":[{"embeddable":true,"href":"https:\/\/www.christiane-ravens.ch\/en\/wp-json\/wp\/v2\/users\/3"}],"replies":[{"embeddable":true,"href":"https:\/\/www.christiane-ravens.ch\/en\/wp-json\/wp\/v2\/comments?post=1143"}],"version-history":[{"count":0,"href":"https:\/\/www.christiane-ravens.ch\/en\/wp-json\/wp\/v2\/pages\/1143\/revisions"}],"wp:attachment":[{"href":"https:\/\/www.christiane-ravens.ch\/en\/wp-json\/wp\/v2\/media?parent=1143"}],"curies":[{"name":"wp","href":"https:\/\/api.w.org\/{rel}","templated":true}]}}